{"id":18504,"date":"2023-12-01T05:18:00","date_gmt":"2023-12-01T04:18:00","guid":{"rendered":"https:\/\/www.chisagess.de\/?page_id=18504"},"modified":"2024-08-09T09:45:40","modified_gmt":"2024-08-09T07:45:40","slug":"where-to-buy","status":"publish","type":"page","link":"https:\/\/de.chisagess.com\/index.php\/where-to-buy\/","title":{"rendered":"Gdzie kupi\u0107"},"content":{"rendered":"\t\t<div data-elementor-type=\"wp-page\" data-elementor-id=\"18504\" class=\"elementor elementor-18504\" data-elementor-post-type=\"page\">\n\t\t\t\t\t\t<section class=\"elementor-section elementor-top-section elementor-element elementor-element-484443ab elementor-section-content-middle elementor-section-boxed elementor-section-height-default elementor-section-height-default\" data-id=\"484443ab\" data-element_type=\"section\" data-e-type=\"section\">\n\t\t\t\t\t\t<div class=\"elementor-container elementor-column-gap-no\">\n\t\t\t\t\t<div class=\"elementor-column elementor-col-100 elementor-top-column elementor-element elementor-element-f265d43\" data-id=\"f265d43\" data-element_type=\"column\" data-e-type=\"column\">\n\t\t\t<div class=\"elementor-widget-wrap elementor-element-populated\">\n\t\t\t\t\t\t<div class=\"elementor-element elementor-element-3bacf5a2 elementor-widget elementor-widget-heading\" data-id=\"3bacf5a2\" data-element_type=\"widget\" data-e-type=\"widget\" data-widget_type=\"heading.default\">\n\t\t\t\t<div class=\"elementor-widget-container\">\n\t\t\t\t\t<h4 class=\"elementor-heading-title elementor-size-default\">Nasz agent<\/h4>\t\t\t\t<\/div>\n\t\t\t\t<\/div>\n\t\t\t\t<div class=\"elementor-element elementor-element-17810186 elementor-widget elementor-widget-text-editor\" data-id=\"17810186\" data-element_type=\"widget\" data-e-type=\"widget\" data-widget_type=\"text-editor.default\">\n\t\t\t\t<div class=\"elementor-widget-container\">\n\t\t\t\t\t\t\t\t\t<p>Nasi agenci s\u0105 przez nas \u015bci\u015ble kontrolowani, aby zapewni\u0107 terminow\u0105 pomoc lokalnym u\u017cytkownikom w wygodniejszy spos\u00f3b.<\/p>\t\t\t\t\t\t\t\t<\/div>\n\t\t\t\t<\/div>\n\t\t\t\t<section class=\"elementor-section elementor-inner-section elementor-element elementor-element-433118a3 elementor-section-boxed elementor-section-height-default elementor-section-height-default\" data-id=\"433118a3\" data-element_type=\"section\" data-e-type=\"section\">\n\t\t\t\t\t\t<div class=\"elementor-container elementor-column-gap-default\">\n\t\t\t\t\t<div class=\"elementor-column elementor-col-50 elementor-inner-column elementor-element elementor-element-2ced3c00\" data-id=\"2ced3c00\" data-element_type=\"column\" data-e-type=\"column\">\n\t\t\t<div class=\"elementor-widget-wrap elementor-element-populated\">\n\t\t\t\t\t\t<div class=\"elementor-element elementor-element-7c76619f elementor-position-left elementor-vertical-align-middle elementor-widget elementor-widget-image-box\" data-id=\"7c76619f\" data-element_type=\"widget\" data-e-type=\"widget\" data-widget_type=\"image-box.default\">\n\t\t\t\t<div class=\"elementor-widget-container\">\n\t\t\t\t\t<div class=\"elementor-image-box-wrapper\"><figure class=\"elementor-image-box-img\"><img fetchpriority=\"high\" decoding=\"async\" width=\"1102\" height=\"1103\" src=\"https:\/\/de.chisagess.com\/wp-content\/uploads\/2023\/12\/CHISAGE-ESS-Pakistan-Afghanistan-Exclusive-Agents-Maxpower-Logo.jpg\" class=\"attachment-full size-full wp-image-18513\" alt=\"\" srcset=\"https:\/\/de.chisagess.com\/wp-content\/uploads\/2023\/12\/CHISAGE-ESS-Pakistan-Afghanistan-Exclusive-Agents-Maxpower-Logo.jpg 1102w, https:\/\/de.chisagess.com\/wp-content\/uploads\/2023\/12\/CHISAGE-ESS-Pakistan-Afghanistan-Exclusive-Agents-Maxpower-Logo-300x300.jpg 300w, https:\/\/de.chisagess.com\/wp-content\/uploads\/2023\/12\/CHISAGE-ESS-Pakistan-Afghanistan-Exclusive-Agents-Maxpower-Logo-100x100.jpg 100w, https:\/\/de.chisagess.com\/wp-content\/uploads\/2023\/12\/CHISAGE-ESS-Pakistan-Afghanistan-Exclusive-Agents-Maxpower-Logo-600x601.jpg 600w, https:\/\/de.chisagess.com\/wp-content\/uploads\/2023\/12\/CHISAGE-ESS-Pakistan-Afghanistan-Exclusive-Agents-Maxpower-Logo-1024x1024.jpg 1024w, https:\/\/de.chisagess.com\/wp-content\/uploads\/2023\/12\/CHISAGE-ESS-Pakistan-Afghanistan-Exclusive-Agents-Maxpower-Logo-150x150.jpg 150w, https:\/\/de.chisagess.com\/wp-content\/uploads\/2023\/12\/CHISAGE-ESS-Pakistan-Afghanistan-Exclusive-Agents-Maxpower-Logo-768x769.jpg 768w\" sizes=\"(max-width: 1102px) 100vw, 1102px\" \/><\/figure><div class=\"elementor-image-box-content\"><h3 class=\"elementor-image-box-title\">MAXPOWER<\/h3><p class=\"elementor-image-box-description\">EXCLUSIVE AGENT<\/p><\/div><\/div>\t\t\t\t<\/div>\n\t\t\t\t<\/div>\n\t\t\t\t<div class=\"elementor-element elementor-element-4c019e06 elementor-widget elementor-widget-text-editor\" data-id=\"4c019e06\" data-element_type=\"widget\" data-e-type=\"widget\" data-widget_type=\"text-editor.default\">\n\t\t\t\t<div class=\"elementor-widget-container\">\n\t\t\t\t\t\t\t\t\t<p>Tel: +92 421 1144 1441<\/p><p>Email:\u00a0<a href=\"mailto:info@maxellpower.com\">info@maxellpower.com<\/a><\/p><p>Strona internetowa: www.maxpower.com.pk<\/p><p>Add: 203-D, Gulshan-e-Ravi, Lahore, Pakistan<\/p>\t\t\t\t\t\t\t\t<\/div>\n\t\t\t\t<\/div>\n\t\t\t\t<div class=\"elementor-element elementor-element-76148f77 e-grid-align-right e-grid-align-mobile-center elementor-shape-rounded elementor-grid-0 elementor-widget elementor-widget-social-icons\" data-id=\"76148f77\" data-element_type=\"widget\" data-e-type=\"widget\" data-widget_type=\"social-icons.default\">\n\t\t\t\t<div class=\"elementor-widget-container\">\n\t\t\t\t\t\t\t<div class=\"elementor-social-icons-wrapper elementor-grid\" role=\"list\">\n\t\t\t\t\t\t\t<span class=\"elementor-grid-item\" role=\"listitem\">\n\t\t\t\t\t<a class=\"elementor-icon elementor-social-icon elementor-social-icon-facebook elementor-animation-grow elementor-repeater-item-8b93740\" href=\"https:\/\/www.facebook.com\/maxpowerpak\" target=\"_blank\" rel=\"nofollow noopener\">\n\t\t\t\t\t\t<span class=\"elementor-screen-only\">Facebook<\/span>\n\t\t\t\t\t\t<i aria-hidden=\"true\" class=\"fab fa-facebook\"><\/i>\t\t\t\t\t<\/a>\n\t\t\t\t<\/span>\n\t\t\t\t\t\t\t<span class=\"elementor-grid-item\" role=\"listitem\">\n\t\t\t\t\t<a class=\"elementor-icon elementor-social-icon elementor-social-icon-youtube elementor-animation-grow elementor-repeater-item-d2b7695\" href=\"https:\/\/www.youtube.com\/@MaxPowerpk\" target=\"_blank\" rel=\"nofollow noopener\">\n\t\t\t\t\t\t<span class=\"elementor-screen-only\">Youtube<\/span>\n\t\t\t\t\t\t<i aria-hidden=\"true\" class=\"fab fa-youtube\"><\/i>\t\t\t\t\t<\/a>\n\t\t\t\t<\/span>\n\t\t\t\t\t\t\t<span class=\"elementor-grid-item\" role=\"listitem\">\n\t\t\t\t\t<a class=\"elementor-icon elementor-social-icon elementor-social-icon-linkedin elementor-animation-grow elementor-repeater-item-90e186a\" href=\"https:\/\/www.linkedin.com\/company\/maxpowerpk\/\" target=\"_blank\" rel=\"nofollow noopener\">\n\t\t\t\t\t\t<span class=\"elementor-screen-only\">Linkedin<\/span>\n\t\t\t\t\t\t<i aria-hidden=\"true\" class=\"fab fa-linkedin\"><\/i>\t\t\t\t\t<\/a>\n\t\t\t\t<\/span>\n\t\t\t\t\t<\/div>\n\t\t\t\t\t\t<\/div>\n\t\t\t\t<\/div>\n\t\t\t\t\t<\/div>\n\t\t<\/div>\n\t\t\t\t<div class=\"elementor-column elementor-col-50 elementor-inner-column elementor-element elementor-element-287c0a6\" data-id=\"287c0a6\" data-element_type=\"column\" data-e-type=\"column\">\n\t\t\t<div class=\"elementor-widget-wrap elementor-element-populated\">\n\t\t\t\t\t\t<div class=\"elementor-element elementor-element-2c91d9d elementor-position-left elementor-vertical-align-middle elementor-widget elementor-widget-image-box\" data-id=\"2c91d9d\" data-element_type=\"widget\" data-e-type=\"widget\" data-widget_type=\"image-box.default\">\n\t\t\t\t<div class=\"elementor-widget-container\">\n\t\t\t\t\t<div class=\"elementor-image-box-wrapper\"><figure class=\"elementor-image-box-img\"><img decoding=\"async\" width=\"1000\" height=\"1000\" src=\"https:\/\/de.chisagess.com\/wp-content\/uploads\/2024\/01\/CHISAGE-ESS-Agent-Choicell-Logo.jpg\" class=\"attachment-full size-full wp-image-19578\" alt=\"CHISAGE ESS Agent Choicell Logo\" srcset=\"https:\/\/de.chisagess.com\/wp-content\/uploads\/2024\/01\/CHISAGE-ESS-Agent-Choicell-Logo.jpg 1000w, https:\/\/de.chisagess.com\/wp-content\/uploads\/2024\/01\/CHISAGE-ESS-Agent-Choicell-Logo-300x300.jpg 300w, https:\/\/de.chisagess.com\/wp-content\/uploads\/2024\/01\/CHISAGE-ESS-Agent-Choicell-Logo-150x150.jpg 150w, https:\/\/de.chisagess.com\/wp-content\/uploads\/2024\/01\/CHISAGE-ESS-Agent-Choicell-Logo-768x768.jpg 768w\" sizes=\"(max-width: 1000px) 100vw, 1000px\" \/><\/figure><div class=\"elementor-image-box-content\"><h3 class=\"elementor-image-box-title\">CHOICELL<\/h3><p class=\"elementor-image-box-description\">STRATEGIC AGENT<\/p><\/div><\/div>\t\t\t\t<\/div>\n\t\t\t\t<\/div>\n\t\t\t\t<div class=\"elementor-element elementor-element-80e0030 elementor-widget elementor-widget-text-editor\" data-id=\"80e0030\" data-element_type=\"widget\" data-e-type=\"widget\" data-widget_type=\"text-editor.default\">\n\t\t\t\t<div class=\"elementor-widget-container\">\n\t\t\t\t\t\t\t\t\t<p>Tel: +49 61728868947<\/p><p>Email:\u00a0<a href=\"mailto:info@choicell.de\">info@choicell.de<\/a><\/p><p>Strona internetowa:www.choicell.de<\/p><p>Add: Basler Strasse 3, 61352 Bad Homburg, Germany<\/p>\t\t\t\t\t\t\t\t<\/div>\n\t\t\t\t<\/div>\n\t\t\t\t<div class=\"elementor-element elementor-element-498119c e-grid-align-right e-grid-align-mobile-center elementor-shape-rounded elementor-grid-0 elementor-widget elementor-widget-social-icons\" data-id=\"498119c\" data-element_type=\"widget\" data-e-type=\"widget\" data-widget_type=\"social-icons.default\">\n\t\t\t\t<div class=\"elementor-widget-container\">\n\t\t\t\t\t\t\t<div class=\"elementor-social-icons-wrapper elementor-grid\" role=\"list\">\n\t\t\t\t\t\t\t<span class=\"elementor-grid-item\" role=\"listitem\">\n\t\t\t\t\t<a class=\"elementor-icon elementor-social-icon elementor-social-icon-facebook elementor-animation-grow elementor-repeater-item-8b93740\" href=\"https:\/\/www.facebook.com\/profile.php?id=61553249501529\" target=\"_blank\" rel=\"nofollow noopener\">\n\t\t\t\t\t\t<span class=\"elementor-screen-only\">Facebook<\/span>\n\t\t\t\t\t\t<i aria-hidden=\"true\" class=\"fab fa-facebook\"><\/i>\t\t\t\t\t<\/a>\n\t\t\t\t<\/span>\n\t\t\t\t\t\t\t<span class=\"elementor-grid-item\" role=\"listitem\">\n\t\t\t\t\t<a class=\"elementor-icon elementor-social-icon elementor-social-icon-instagram elementor-animation-grow elementor-repeater-item-d2b7695\" href=\"https:\/\/www.instagram.com\/choi.cell\/\" target=\"_blank\" rel=\"nofollow noopener\">\n\t\t\t\t\t\t<span class=\"elementor-screen-only\">Instagram<\/span>\n\t\t\t\t\t\t<i aria-hidden=\"true\" class=\"fab fa-instagram\"><\/i>\t\t\t\t\t<\/a>\n\t\t\t\t<\/span>\n\t\t\t\t\t\t\t<span class=\"elementor-grid-item\" role=\"listitem\">\n\t\t\t\t\t<a class=\"elementor-icon elementor-social-icon elementor-social-icon-linkedin elementor-animation-grow elementor-repeater-item-90e186a\" href=\"https:\/\/www.linkedin.com\/in\/guowei-dai-7b86752b0\/\" target=\"_blank\" rel=\"nofollow noopener\">\n\t\t\t\t\t\t<span class=\"elementor-screen-only\">Linkedin<\/span>\n\t\t\t\t\t\t<i aria-hidden=\"true\" class=\"fab fa-linkedin\"><\/i>\t\t\t\t\t<\/a>\n\t\t\t\t<\/span>\n\t\t\t\t\t<\/div>\n\t\t\t\t\t\t<\/div>\n\t\t\t\t<\/div>\n\t\t\t\t\t<\/div>\n\t\t<\/div>\n\t\t\t\t\t<\/div>\n\t\t<\/section>\n\t\t\t\t<section class=\"elementor-section elementor-inner-section elementor-element elementor-element-911861c elementor-section-boxed elementor-section-height-default elementor-section-height-default\" data-id=\"911861c\" data-element_type=\"section\" data-e-type=\"section\">\n\t\t\t\t\t\t<div class=\"elementor-container elementor-column-gap-default\">\n\t\t\t\t\t<div class=\"elementor-column elementor-col-50 elementor-inner-column elementor-element elementor-element-b41aa3f\" data-id=\"b41aa3f\" data-element_type=\"column\" data-e-type=\"column\">\n\t\t\t<div class=\"elementor-widget-wrap elementor-element-populated\">\n\t\t\t\t\t\t<div class=\"elementor-element elementor-element-0c4773b elementor-position-left elementor-vertical-align-middle elementor-widget elementor-widget-image-box\" data-id=\"0c4773b\" data-element_type=\"widget\" data-e-type=\"widget\" data-widget_type=\"image-box.default\">\n\t\t\t\t<div class=\"elementor-widget-container\">\n\t\t\t\t\t<div class=\"elementor-image-box-wrapper\"><figure class=\"elementor-image-box-img\"><img decoding=\"async\" width=\"1000\" height=\"1000\" src=\"https:\/\/de.chisagess.com\/wp-content\/uploads\/2024\/01\/CHISAGE-ESS-Agent-Titan-Logo-2.jpg\" class=\"attachment-full size-full wp-image-19579\" alt=\"CHISAGE ESS Agent Titan Logo-2\" srcset=\"https:\/\/de.chisagess.com\/wp-content\/uploads\/2024\/01\/CHISAGE-ESS-Agent-Titan-Logo-2.jpg 1000w, https:\/\/de.chisagess.com\/wp-content\/uploads\/2024\/01\/CHISAGE-ESS-Agent-Titan-Logo-2-300x300.jpg 300w, https:\/\/de.chisagess.com\/wp-content\/uploads\/2024\/01\/CHISAGE-ESS-Agent-Titan-Logo-2-150x150.jpg 150w, https:\/\/de.chisagess.com\/wp-content\/uploads\/2024\/01\/CHISAGE-ESS-Agent-Titan-Logo-2-768x768.jpg 768w\" sizes=\"(max-width: 1000px) 100vw, 1000px\" \/><\/figure><div class=\"elementor-image-box-content\"><h3 class=\"elementor-image-box-title\"> TITAN SOLAR<\/h3><p class=\"elementor-image-box-description\">STRATEGIC AGENT<\/p><\/div><\/div>\t\t\t\t<\/div>\n\t\t\t\t<\/div>\n\t\t\t\t<div class=\"elementor-element elementor-element-3346cd1 elementor-widget elementor-widget-text-editor\" data-id=\"3346cd1\" data-element_type=\"widget\" data-e-type=\"widget\" data-widget_type=\"text-editor.default\">\n\t\t\t\t<div class=\"elementor-widget-container\">\n\t\t\t\t\t\t\t\t\t<p>Tel: +493044705121<\/p><p>Email:\u00a0<a href=\"mailto:office@titansolar.de\">office@titansolar.de<\/a><\/p><p>Strona internetowa:www.titansolar.de<\/p>\t\t\t\t\t\t\t\t<\/div>\n\t\t\t\t<\/div>\n\t\t\t\t<div class=\"elementor-element elementor-element-b658b31 e-grid-align-right e-grid-align-mobile-center elementor-shape-rounded elementor-grid-0 elementor-widget elementor-widget-social-icons\" data-id=\"b658b31\" data-element_type=\"widget\" data-e-type=\"widget\" data-widget_type=\"social-icons.default\">\n\t\t\t\t<div class=\"elementor-widget-container\">\n\t\t\t\t\t\t\t<div class=\"elementor-social-icons-wrapper elementor-grid\">\n\t\t\t\t\t\t\t<span class=\"elementor-grid-item\">\n\t\t\t\t\t<a class=\"elementor-icon elementor-social-icon elementor-social-icon- elementor-animation-grow elementor-repeater-item-8b93740\" target=\"_blank\">\n\t\t\t\t\t\t<span class=\"elementor-screen-only\"><\/span>\n\t\t\t\t\t\t\t\t\t\t\t<\/a>\n\t\t\t\t<\/span>\n\t\t\t\t\t<\/div>\n\t\t\t\t\t\t<\/div>\n\t\t\t\t<\/div>\n\t\t\t\t\t<\/div>\n\t\t<\/div>\n\t\t\t\t<div class=\"elementor-column elementor-col-50 elementor-inner-column elementor-element elementor-element-71cf18b\" data-id=\"71cf18b\" data-element_type=\"column\" data-e-type=\"column\">\n\t\t\t<div class=\"elementor-widget-wrap elementor-element-populated\">\n\t\t\t\t\t\t<div class=\"elementor-element elementor-element-c07bf10 e-grid-align-right e-grid-align-mobile-center elementor-shape-rounded elementor-grid-0 elementor-widget elementor-widget-social-icons\" data-id=\"c07bf10\" data-element_type=\"widget\" data-e-type=\"widget\" data-widget_type=\"social-icons.default\">\n\t\t\t\t<div class=\"elementor-widget-container\">\n\t\t\t\t\t\t\t<div class=\"elementor-social-icons-wrapper elementor-grid\">\n\t\t\t\t\t\t\t<span class=\"elementor-grid-item\">\n\t\t\t\t\t<a class=\"elementor-icon elementor-social-icon elementor-social-icon- elementor-animation-grow elementor-repeater-item-8b93740\" target=\"_blank\">\n\t\t\t\t\t\t<span class=\"elementor-screen-only\"><\/span>\n\t\t\t\t\t\t\t\t\t\t\t<\/a>\n\t\t\t\t<\/span>\n\t\t\t\t\t<\/div>\n\t\t\t\t\t\t<\/div>\n\t\t\t\t<\/div>\n\t\t\t\t\t<\/div>\n\t\t<\/div>\n\t\t\t\t\t<\/div>\n\t\t<\/section>\n\t\t\t\t\t<\/div>\n\t\t<\/div>\n\t\t\t\t\t<\/div>\n\t\t<\/section>\n\t\t\t\t<section class=\"elementor-section elementor-top-section elementor-element elementor-element-71cba717 elementor-section-content-middle elementor-section-boxed elementor-section-height-default elementor-section-height-default\" data-id=\"71cba717\" data-element_type=\"section\" data-e-type=\"section\">\n\t\t\t\t\t\t<div class=\"elementor-container elementor-column-gap-no\">\n\t\t\t\t\t<div class=\"elementor-column elementor-col-50 elementor-top-column elementor-element elementor-element-5f98ad63\" data-id=\"5f98ad63\" data-element_type=\"column\" data-e-type=\"column\">\n\t\t\t<div class=\"elementor-widget-wrap elementor-element-populated\">\n\t\t\t\t\t\t<div class=\"elementor-element elementor-element-2dc7bb91 elementor-widget elementor-widget-heading\" data-id=\"2dc7bb91\" data-element_type=\"widget\" data-e-type=\"widget\" data-widget_type=\"heading.default\">\n\t\t\t\t<div class=\"elementor-widget-container\">\n\t\t\t\t\t<h4 class=\"elementor-heading-title elementor-size-default\">NASZ\nPARTNER<\/h4>\t\t\t\t<\/div>\n\t\t\t\t<\/div>\n\t\t\t\t\t<\/div>\n\t\t<\/div>\n\t\t\t\t<div class=\"elementor-column elementor-col-50 elementor-top-column elementor-element elementor-element-7fafb6df\" data-id=\"7fafb6df\" data-element_type=\"column\" data-e-type=\"column\">\n\t\t\t<div class=\"elementor-widget-wrap elementor-element-populated\">\n\t\t\t\t\t\t<div class=\"elementor-element elementor-element-2cde6e72 elementor-widget elementor-widget-text-editor\" data-id=\"2cde6e72\" data-element_type=\"widget\" data-e-type=\"widget\" data-widget_type=\"text-editor.default\">\n\t\t\t\t<div class=\"elementor-widget-container\">\n\t\t\t\t\t\t\t\t\t<div class=\"elementor-element elementor-element-62ef2e6d elementor-widget elementor-widget-text-editor\" data-id=\"62ef2e6d\" data-element_type=\"widget\" data-widget_type=\"text-editor.default\"><div class=\"elementor-widget-container\"><p>W dynamicznie rozwijaj\u0105cej si\u0119 bran\u017cy nowych magazyn\u00f3w energii CHISAGE ESS aktywnie poszukuje partner\u00f3w o podobnych pogl\u0105dach. Nasz model wsp\u00f3\u0142pracy ma na celu dostarczanie najlepszych produkt\u00f3w i us\u0142ug CHISAGE ESS lokalnie za po\u015brednictwem renomowanych i doskona\u0142ych partner\u00f3w.<\/p><p>Wsp\u00f3\u0142pracuj\u0105c ze starannie wybranymi partnerami, zapewniamy konsumentom doskona\u0142\u0105 obs\u0142ug\u0119 przy zakupie naszych produkt\u00f3w. Niezale\u017cnie od tego, czy s\u0105 to konsultacje przedsprzeda\u017cowe, instalacja produkt\u00f3w, czy wsparcie posprzeda\u017cowe, nasi partnerzy podchodz\u0105 do swojej pracy profesjonalnie i skutecznie, zapewniaj\u0105c klientom kompleksowe wsparcie.<\/p><p>Dla nas wybitni partnerzy s\u0105 kluczem do naszego sukcesu. Nieustannie poszukujemy i rozwijamy zespo\u0142y posiadaj\u0105ce profesjonalne mo\u017cliwo\u015bci serwisowe, aby zapewni\u0107 konsumentom najlepsze do\u015bwiadczenia zwi\u0105zane z produktami i us\u0142ugami.<\/p><p>Do\u0142\u0105czenie do nas oznacza bycie cz\u0119\u015bci\u0105 du\u017cej rodziny sk\u0142adaj\u0105cej si\u0119 z profesjonalnych zespo\u0142\u00f3w, pracuj\u0105cych razem w celu zapewnienia niezr\u00f3wnanej obs\u0142ugi i zadowolenia klient\u00f3w.<\/p><\/div><\/div>\t\t\t\t\t\t\t\t<\/div>\n\t\t\t\t<\/div>\n\t\t\t\t<div class=\"elementor-element elementor-element-5fbcda17 elementor-widget-divider--view-line elementor-widget elementor-widget-divider\" data-id=\"5fbcda17\" data-element_type=\"widget\" data-e-type=\"widget\" data-widget_type=\"divider.default\">\n\t\t\t\t<div class=\"elementor-widget-container\">\n\t\t\t\t\t\t\t<div class=\"elementor-divider\">\n\t\t\t<span class=\"elementor-divider-separator\">\n\t\t\t\t\t\t<\/span>\n\t\t<\/div>\n\t\t\t\t\t\t<\/div>\n\t\t\t\t<\/div>\n\t\t\t\t<div class=\"elementor-element elementor-element-4efdad2c elementor-widget elementor-widget-text-editor\" data-id=\"4efdad2c\" data-element_type=\"widget\" data-e-type=\"widget\" data-widget_type=\"text-editor.default\">\n\t\t\t\t<div class=\"elementor-widget-container\">\n\t\t\t\t\t\t\t\t\t<p>Do\u0142\u0105cz do nas jako partner CHISAGE ESS i sta\u0144 si\u0119 jednym z przysz\u0142ych lider\u00f3w w dziedzinie nowych magazyn\u00f3w energii!<\/p>\t\t\t\t\t\t\t\t<\/div>\n\t\t\t\t<\/div>\n\t\t\t\t\t<\/div>\n\t\t<\/div>\n\t\t\t\t\t<\/div>\n\t\t<\/section>\n\t\t\t\t<\/div>\n\t\t","protected":false},"excerpt":{"rendered":"<p>Nasz agent Nasi agenci s\u0105 przez nas \u015bci\u015ble kontrolowani [&hellip;]<\/p>\n","protected":false},"author":1,"featured_media":0,"parent":0,"menu_order":0,"comment_status":"closed","ping_status":"closed","template":"","meta":{"site-sidebar-layout":"no-sidebar","site-content-layout":"page-builder","ast-site-content-layout":"full-width-container","site-content-style":"default","site-sidebar-style":"default","ast-global-header-display":"","ast-banner-title-visibility":"","ast-main-header-display":"","ast-hfb-above-header-display":"","ast-hfb-below-header-display":"","ast-hfb-mobile-header-display":"","site-post-title":"disabled","ast-breadcrumbs-content":"","ast-featured-img":"disabled","footer-sml-layout":"","ast-disable-related-posts":"","theme-transparent-header-meta":"default","adv-header-id-meta":"","stick-header-meta":"default","header-above-stick-meta":"","header-main-stick-meta":"","header-below-stick-meta":"","astra-migrate-meta-layouts":"set","ast-page-background-enabled":"default","ast-page-background-meta":{"desktop":{"background-color":"","background-image":"","background-repeat":"repeat","background-position":"center center","background-size":"auto","background-attachment":"scroll","background-type":"","background-media":"","overlay-type":"","overlay-color":"","overlay-opacity":"","overlay-gradient":""},"tablet":{"background-color":"","background-image":"","background-repeat":"repeat","background-position":"center center","background-size":"auto","background-attachment":"scroll","background-type":"","background-media":"","overlay-type":"","overlay-color":"","overlay-opacity":"","overlay-gradient":""},"mobile":{"background-color":"","background-image":"","background-repeat":"repeat","background-position":"center center","background-size":"auto","background-attachment":"scroll","background-type":"","background-media":"","overlay-type":"","overlay-color":"","overlay-opacity":"","overlay-gradient":""}},"ast-content-background-meta":{"desktop":{"background-color":"var(--ast-global-color-5)","background-image":"","background-repeat":"repeat","background-position":"center center","background-size":"auto","background-attachment":"scroll","background-type":"","background-media":"","overlay-type":"","overlay-color":"","overlay-opacity":"","overlay-gradient":""},"tablet":{"background-color":"var(--ast-global-color-5)","background-image":"","background-repeat":"repeat","background-position":"center center","background-size":"auto","background-attachment":"scroll","background-type":"","background-media":"","overlay-type":"","overlay-color":"","overlay-opacity":"","overlay-gradient":""},"mobile":{"background-color":"var(--ast-global-color-5)","background-image":"","background-repeat":"repeat","background-position":"center center","background-size":"auto","background-attachment":"scroll","background-type":"","background-media":"","overlay-type":"","overlay-color":"","overlay-opacity":"","overlay-gradient":""}},"footnotes":""},"class_list":["post-18504","page","type-page","status-publish","hentry"],"_links":{"self":[{"href":"https:\/\/de.chisagess.com\/index.php\/wp-json\/wp\/v2\/pages\/18504","targetHints":{"allow":["GET"]}}],"collection":[{"href":"https:\/\/de.chisagess.com\/index.php\/wp-json\/wp\/v2\/pages"}],"about":[{"href":"https:\/\/de.chisagess.com\/index.php\/wp-json\/wp\/v2\/types\/page"}],"author":[{"embeddable":true,"href":"https:\/\/de.chisagess.com\/index.php\/wp-json\/wp\/v2\/users\/1"}],"replies":[{"embeddable":true,"href":"https:\/\/de.chisagess.com\/index.php\/wp-json\/wp\/v2\/comments?post=18504"}],"version-history":[{"count":26,"href":"https:\/\/de.chisagess.com\/index.php\/wp-json\/wp\/v2\/pages\/18504\/revisions"}],"predecessor-version":[{"id":21071,"href":"https:\/\/de.chisagess.com\/index.php\/wp-json\/wp\/v2\/pages\/18504\/revisions\/21071"}],"wp:attachment":[{"href":"https:\/\/de.chisagess.com\/index.php\/wp-json\/wp\/v2\/media?parent=18504"}],"curies":[{"name":"wp","href":"https:\/\/api.w.org\/{rel}","templated":true}]}}